{"id":46,"date":"2017-07-12T22:48:57","date_gmt":"2017-07-12T22:48:57","guid":{"rendered":"http:\/\/www.clinicainstitutoocular.com.co\/site-clinica\/?page_id=46"},"modified":"2022-02-03T15:40:14","modified_gmt":"2022-02-03T15:40:14","slug":"servicios-angiografia","status":"publish","type":"page","link":"https:\/\/www.clinicainstitutoocular.com.co\/site-clinica\/servicios\/servicios-angiografia\/","title":{"rendered":"Servicios Angiograf\u00eda"},"content":{"rendered":"<div class=\"wpb-content-wrapper\"><p>[vc_row][vc_column width=\u00bb1\/6&#8243;][\/vc_column][vc_column width=\u00bb2\/3&#8243;][vc_column_text]<\/p>\n<h2 id=\"u70448-2\" style=\"text-align: center;\">ANGIOGRAF\u00cdA<\/h2>\n<p>[\/vc_column_text][vc_row_inner][vc_column_inner][vc_video link=\u00bbhttps:\/\/www.youtube.com\/watch?time_continue=1&amp;v=pIsg6ZZ9cl0&#8243; align=\u00bbcenter\u00bb][\/vc_column_inner][\/vc_row_inner][\/vc_column][vc_column width=\u00bb1\/6&#8243;][\/vc_column][\/vc_row][vc_row][vc_column width=\u00bb1\/6&#8243;][\/vc_column][vc_column width=\u00bb2\/3&#8243;][vc_column_text]<\/p>\n<div align=\"justify\">La\u00a0angiograf\u00eda ocular\u00a0es una prueba diagn\u00f3stica que sirve para estudiar el sistema vascular de la retina y la coroides. El sistema vascular del ojo est\u00e1 compuesto por venas y arterias. La principal arteria de la retina accede a ella a trav\u00e9s de una zona llamada papila, situada en la parte posterior del globo ocular. Una vez en la retina, esta arteria se divide en dos ramas, la nasar, que es la mitad que se ramifica en direcci\u00f3n a la nariz, y la temporal, que crece en sentido opuesto. Cada una de estas arterias est\u00e1n\u00a0acompa\u00f1adas de sus correspondientes venas.<\/div>\n<p>&nbsp;<\/p>\n<h3 id=\"u70449-5\" class=\"SUB-TITULO-TEXTOS\">El sistema vascular del ojo no se puede observar a simple vista, por lo que el estudio se realiza de la siguiente manera:<\/h3>\n<div align=\"justify\">\n<ul>\n<li id=\"u70449-8\" class=\"Texto\">En primer lugar, se dilata la pupila mediante gotas oft\u00e1lmicas y se toman unas fotograf\u00edas preliminares del interior del ojo.<\/li>\n<\/ul>\n<ul id=\"u70449-13\" class=\"list0 nls-None\">\n<li id=\"u70449-12\" class=\"Texto\">A continuaci\u00f3n, se inyecta al paciente un contraste de fluoresce\u00edna en el brazo. La fluoresce\u00edna es una sustancia colorante org\u00e1nica que tiene propiedades fluorescentes que facilitan el registro fotogr\u00e1fico mediante una c\u00e1mara especial, llamada angi\u00f3grafo.<\/li>\n<\/ul>\n<ul id=\"u70449-17\" class=\"list0 nls-None\">\n<li id=\"u70449-16\" class=\"Texto\">La sustancia alcanza la retina en unos 10-15 minutos y, a partir de ese momento, los oftalm\u00f3logos toman varias fotograf\u00edas de la red vascular del ojo, conforme los vasos se van llenando. Se pueden tomar fotograf\u00edas durante aproximadamente 20 minutos desde que se inyecta el contraste.<\/li>\n<\/ul>\n<ul id=\"u70449-21\" class=\"list0 nls-None\">\n<li id=\"u70449-20\" class=\"Texto\">El resultado final es un mapa completo y detallado del sistema vascular del ojo.<\/li>\n<\/ul>\n<ul id=\"u70449-29\" class=\"list0 nls-None\">\n<li id=\"u70449-26\" class=\"Texto\">Durante el paso del contraste algunos pacientes experimentan sensaci\u00f3n de calor o leves nauseas, pero los s\u00edntomas son leves. Tras la prueba, las pupilas se mantendr\u00e1n dilatadas por un periodo aproximado de 24 horas. Por efecto de la fluoresce\u00edna la orina puede adquirir un color amarillo intenso hasta que se elimine. Esta sustancia tambi\u00e9n podr\u00eda influir en los resultados de pruebas de sangre y orina durante tres o cuatro d\u00edas.<\/li>\n<li id=\"u70449-28\" class=\"Texto\">La prueba est\u00e1 contraindicada para personas al\u00e9rgicas a la fluoresce\u00edna y para mujeres embarazadas.<\/li>\n<\/ul>\n<p id=\"u70449-32\" class=\"Texto\">Actualmente existen t\u00e9cnicas m\u00e1s avanzadas para estudiar la vascularizaci\u00f3n del ojo mediante angiograf\u00edas y sin necesidad de utilizar ning\u00fan tipo de contraste, como la angiograf\u00eda con OCT.<\/p>\n<p>&nbsp;<\/p><\/div>\n<h3 id=\"u70449-35\" class=\"SUB-TITULO-TEXTOS\">\u00bfCon qu\u00e9 fin se realiza la angiograf\u00eda ocular?<\/h3>\n<h3 id=\"u70449-36\" class=\"SUB-TITULO-TEXTOS\"><\/h3>\n<p>&nbsp;<\/p>\n<div align=\"justify\">La angiograf\u00eda ocular es una prueba diagn\u00f3stica muy \u00fatil para la detecci\u00f3n de muchas patolog\u00edas oculares. Cuando en una revisi\u00f3n rutinaria un oftalm\u00f3logo sospecha de alguna anormalidad en el fondo del ojo, necesitar\u00e1 una exploraci\u00f3n en mayor profundidad que le permita verificar si hay una lesi\u00f3n. Aunque existen otras t\u00e9cnicas para estudio de la retina que han hecho que disminuya el n\u00famero de angiograf\u00edas oculares, \u00e9sta sigue siendo una prueba muy habitual y eficiente.<\/div>\n<div align=\"justify\"><\/div>\n<p>&nbsp;<\/p>\n<div align=\"justify\">La Degeneraci\u00f3n macular asociada a la edad (DMAE) es una de las enfermedades que se pueden detectar con esta prueba diagn\u00f3stica. La DMAE es la principal causa de p\u00e9rdida severa de visi\u00f3n central en uno o ambos ojos\u00a0en personas mayores de 50 a\u00f1os. Su detecci\u00f3n y clasificaci\u00f3n (hay varios tipos) gracias a al angiograf\u00eda ocular permite determinar el tratamiento m\u00e1s adecuado para cada caso.<\/div>\n<p>[\/vc_column_text][\/vc_column][vc_column width=\u00bb1\/6&#8243;][\/vc_column][\/vc_row]<\/p>\n<\/div>","protected":false},"excerpt":{"rendered":"<p>[vc_row][vc_column width=\u00bb1\/6&#8243;][\/vc_column][vc_column width=\u00bb2\/3&#8243;][vc_column_text] ANGIOGRAF\u00cdA [\/vc_column_text][vc_row_inner][vc_column_inner][vc_video link=\u00bbhttps:\/\/www.youtube.com\/watch?time_continue=1&amp;v=pIsg6ZZ9cl0&#8243; align=\u00bbcenter\u00bb][\/vc_column_inner][\/vc_row_inner][\/vc_column][vc_column width=\u00bb1\/6&#8243;][\/vc_column][\/vc_row][vc_row][vc_column width=\u00bb1\/6&#8243;][\/vc_column][vc_column width=\u00bb2\/3&#8243;][vc_column_text] La\u00a0angiograf\u00eda ocular\u00a0es una prueba diagn\u00f3stica que sirve para estudiar el sistema vascular de la retina y la coroides. El sistema vascular del ojo est\u00e1 compuesto por venas y arterias. La principal arteria de la retina accede a ella a trav\u00e9s de una zona llamada papila, &hellip; <a href=\"https:\/\/www.clinicainstitutoocular.com.co\/site-clinica\/servicios\/servicios-angiografia\/\" class=\"more-link\">Continue reading <span class=\"screen-reader-text\">Servicios Angiograf\u00eda<\/span><\/a><\/p>\n","protected":false},"author":1,"featured_media":0,"parent":44,"menu_order":0,"comment_status":"closed","ping_status":"closed","template":"","meta":{"rs_blank_template":"","rs_page_bg_color":"","slide_template_v7":"","footnotes":""},"class_list":["post-46","page","type-page","status-publish","hentry"],"_links":{"self":[{"href":"https:\/\/www.clinicainstitutoocular.com.co\/site-clinica\/wp-json\/wp\/v2\/pages\/46","targetHints":{"allow":["GET"]}}],"collection":[{"href":"https:\/\/www.clinicainstitutoocular.com.co\/site-clinica\/wp-json\/wp\/v2\/pages"}],"about":[{"href":"https:\/\/www.clinicainstitutoocular.com.co\/site-clinica\/wp-json\/wp\/v2\/types\/page"}],"author":[{"embeddable":true,"href":"https:\/\/www.clinicainstitutoocular.com.co\/site-clinica\/wp-json\/wp\/v2\/users\/1"}],"replies":[{"embeddable":true,"href":"https:\/\/www.clinicainstitutoocular.com.co\/site-clinica\/wp-json\/wp\/v2\/comments?post=46"}],"version-history":[{"count":64,"href":"https:\/\/www.clinicainstitutoocular.com.co\/site-clinica\/wp-json\/wp\/v2\/pages\/46\/revisions"}],"predecessor-version":[{"id":5463,"href":"https:\/\/www.clinicainstitutoocular.com.co\/site-clinica\/wp-json\/wp\/v2\/pages\/46\/revisions\/5463"}],"up":[{"embeddable":true,"href":"https:\/\/www.clinicainstitutoocular.com.co\/site-clinica\/wp-json\/wp\/v2\/pages\/44"}],"wp:attachment":[{"href":"https:\/\/www.clinicainstitutoocular.com.co\/site-clinica\/wp-json\/wp\/v2\/media?parent=46"}],"curies":[{"name":"wp","href":"https:\/\/api.w.org\/{rel}","templated":true}]}}