{"id":50,"date":"2017-07-12T22:50:32","date_gmt":"2017-07-12T22:50:32","guid":{"rendered":"http:\/\/www.clinicainstitutoocular.com.co\/site-clinica\/?page_id=50"},"modified":"2022-05-07T16:46:30","modified_gmt":"2022-05-07T16:46:30","slug":"servicios-campo-visual","status":"publish","type":"page","link":"https:\/\/www.clinicainstitutoocular.com.co\/site-clinica\/servicios\/servicios-campo-visual\/","title":{"rendered":"Servicios Campo Visual"},"content":{"rendered":"<div class=\"wpb-content-wrapper\"><p>[vc_row][vc_column width=\u00bb1\/6&#8243;][\/vc_column][vc_column width=\u00bb2\/3&#8243;][vc_column_text]<\/p>\n<h2 id=\"u74831-2\" style=\"text-align: center;\">CAMPO VISUAL<\/h2>\n<p>[\/vc_column_text][\/vc_column][vc_column width=\u00bb1\/6&#8243;][\/vc_column][\/vc_row][vc_row][vc_column width=\u00bb1\/6&#8243;][\/vc_column][vc_column width=\u00bb2\/3&#8243;][vc_column_text]<\/p>\n<p align=\"justify\">Se refiere al \u00e1rea total en la cual los objetos se pueden ver en la visi\u00f3n lateral (perif\u00e9rica), mientras usted enfoca los ojos en un punto central.<\/p>\n<p><strong>Forma en que se realiza el examen<\/strong><\/p>\n<p align=\"justify\">Examen de confrontaci\u00f3n del campo visual: es una revisi\u00f3n b\u00e1sica y r\u00e1pida del campo visual. El m\u00e9dico se sienta directamente frente a usted. Se cubrir\u00e1 un ojo y mirar\u00e1 fijamente hacia adelante con el otro. Se le pedir\u00e1 que diga cu\u00e1ndo puede ver la mano del examinador.<\/p>\n<p align=\"justify\">Examen con pantalla tangente o examen del campo visual de Goldmann: debe sentarse a aproximadamente 3 pies (90 cm) de distancia de una pantalla con una diana en el centro. Se le pide mirar fijamente al objeto en el centro y hacerle saber al examinador cu\u00e1ndo puede ver un objeto que se mueve hacia su visi\u00f3n lateral. Este examen crea un mapa de su visi\u00f3n.<\/p>\n<p align=\"justify\">Perimetr\u00eda automatizada: usted se sienta frente a un domo c\u00f3ncavo y fija la vista en un objeto en la mitad. Presionar\u00e1 un bot\u00f3n cuando vea peque\u00f1os destellos de luz en su visi\u00f3n perif\u00e9rica. Sus respuestas ayudan a determinar si tiene un defecto en el campo visual. La perimetr\u00eda automatizada se usa a menudo para rastrear afecciones que pueden empeorar con el tiempo.<br \/>\nSu proveedor de atenci\u00f3n m\u00e9dica hablar\u00e1 con usted sobre el tipo de examen de campo visual que le practicar\u00e1n.[\/vc_column_text][\/vc_column][vc_column width=\u00bb1\/6&#8243;][\/vc_column][\/vc_row]<\/p>\n<\/div>","protected":false},"excerpt":{"rendered":"<p>[vc_row][vc_column width=\u00bb1\/6&#8243;][\/vc_column][vc_column width=\u00bb2\/3&#8243;][vc_column_text] CAMPO VISUAL [\/vc_column_text][\/vc_column][vc_column width=\u00bb1\/6&#8243;][\/vc_column][\/vc_row][vc_row][vc_column width=\u00bb1\/6&#8243;][\/vc_column][vc_column width=\u00bb2\/3&#8243;][vc_column_text] Se refiere al \u00e1rea total en la cual los objetos se pueden ver en la visi\u00f3n lateral (perif\u00e9rica), mientras usted enfoca los ojos en un punto central. Forma en que se realiza el examen Examen de confrontaci\u00f3n del campo visual: es una revisi\u00f3n b\u00e1sica y r\u00e1pida &hellip; <a href=\"https:\/\/www.clinicainstitutoocular.com.co\/site-clinica\/servicios\/servicios-campo-visual\/\" class=\"more-link\">Continue reading <span class=\"screen-reader-text\">Servicios Campo Visual<\/span><\/a><\/p>\n","protected":false},"author":1,"featured_media":0,"parent":44,"menu_order":0,"comment_status":"closed","ping_status":"closed","template":"","meta":{"rs_blank_template":"","rs_page_bg_color":"","slide_template_v7":"","footnotes":""},"class_list":["post-50","page","type-page","status-publish","hentry"],"_links":{"self":[{"href":"https:\/\/www.clinicainstitutoocular.com.co\/site-clinica\/wp-json\/wp\/v2\/pages\/50","targetHints":{"allow":["GET"]}}],"collection":[{"href":"https:\/\/www.clinicainstitutoocular.com.co\/site-clinica\/wp-json\/wp\/v2\/pages"}],"about":[{"href":"https:\/\/www.clinicainstitutoocular.com.co\/site-clinica\/wp-json\/wp\/v2\/types\/page"}],"author":[{"embeddable":true,"href":"https:\/\/www.clinicainstitutoocular.com.co\/site-clinica\/wp-json\/wp\/v2\/users\/1"}],"replies":[{"embeddable":true,"href":"https:\/\/www.clinicainstitutoocular.com.co\/site-clinica\/wp-json\/wp\/v2\/comments?post=50"}],"version-history":[{"count":13,"href":"https:\/\/www.clinicainstitutoocular.com.co\/site-clinica\/wp-json\/wp\/v2\/pages\/50\/revisions"}],"predecessor-version":[{"id":5705,"href":"https:\/\/www.clinicainstitutoocular.com.co\/site-clinica\/wp-json\/wp\/v2\/pages\/50\/revisions\/5705"}],"up":[{"embeddable":true,"href":"https:\/\/www.clinicainstitutoocular.com.co\/site-clinica\/wp-json\/wp\/v2\/pages\/44"}],"wp:attachment":[{"href":"https:\/\/www.clinicainstitutoocular.com.co\/site-clinica\/wp-json\/wp\/v2\/media?parent=50"}],"curies":[{"name":"wp","href":"https:\/\/api.w.org\/{rel}","templated":true}]}}