{"id":5635,"date":"2022-03-18T16:34:51","date_gmt":"2022-03-18T16:34:51","guid":{"rendered":"https:\/\/www.clinicainstitutoocular.com.co\/site-clinica\/?page_id=5635"},"modified":"2022-03-18T16:38:20","modified_gmt":"2022-03-18T16:38:20","slug":"derechos-y-deberes-del-paciente","status":"publish","type":"page","link":"https:\/\/www.clinicainstitutoocular.com.co\/site-clinica\/derechos-y-deberes-del-paciente\/","title":{"rendered":"DERECHOS Y DEBERES DEL PACIENTE"},"content":{"rendered":"<div class=\"wpb-content-wrapper\"><p>[vc_row][vc_column][vc_column_text](De acuerdo al art\u00edculo 10 de la ley 1751 de febrero de 2015 implementa a los Derechos y Deberes del Paciente relacionados con la prestaci\u00f3n del servicio de salud)<\/p>\n<p>Tu derecho es nuestro deber, tu deber es nuestro derecho[\/vc_column_text][\/vc_column][\/vc_row][vc_row][vc_column width=\u00bb1\/2&#8243;][vc_column_text]Como paciente tengo DERECHO a:<\/p>\n<ol>\n<li><strong>Elegir<\/strong> los servicios de acuerdo con mis necesidades Particulares y disponibilidad institucional, as\u00ed como a recibir atenci\u00f3n inicial de urgencias de acuerdo a la prioridad asignada.<\/li>\n<li>Recibir <strong>informaci\u00f3n<\/strong> sobre mi condici\u00f3n de salud de manera clara, oportuna, suficiente y permanente.<\/li>\n<li>Tomar la <strong>decisi\u00f3n<\/strong> de aceptar o no los tratamientos.<\/li>\n<li>Un <strong>trato digno<\/strong> que respete siempre mis creencias y costumbres.<\/li>\n<li>Que mi <strong>historia cl\u00ednica<\/strong> sea tratada de manera confidencial, y solo con mi autorizaci\u00f3n pueda ser conocida por terceros.<\/li>\n<li>Tener una atenci\u00f3n oportuna, humanizada <strong>segura y de calidad.<\/strong><\/li>\n<li>Tener informaci\u00f3n de los <strong>tr\u00e1mites administrativos<\/strong> (procesos, costos, entre otros)<\/li>\n<li>Aceptar o no <strong>donar<\/strong> \u00f3rganos para ser trasplantados a otros.<\/li>\n<li>Que se respete mi voluntad a tener un <strong>final de la vida<\/strong> tranquila y digna.<\/li>\n<li>Participar libremente en estudios de <strong>investigaci\u00f3n<\/strong> cient\u00edfica.<\/li>\n<li>Que mi <strong>dolor<\/strong> sea evaluado y tratado oportunamente.<\/li>\n<li>Recibir <strong>educaci\u00f3n<\/strong> para m\u00ed autocuidado.<\/li>\n<li>Contar con la compa\u00f1\u00eda de mis seres queridos durante mi atenci\u00f3n.<\/li>\n<\/ol>\n<p>14. Conocer <strong>los medios y canales formales<\/strong> para presentar reclamaciones, quejas, sugerencias y recibir respuesta oportuna[\/vc_column_text][\/vc_column][vc_column width=\u00bb1\/2&#8243;][vc_column_text]<\/p>\n<ol>\n<li>Como paciente DEBO:\n<p>&nbsp;<\/p>\n<ol>\n<li>Leer y entender antes de firmar los <strong>consentimientos informados<\/strong> de los procedimientos a realizar.<\/li>\n<li><strong>Informar<\/strong> de manera oportuna y suficiente informaci\u00f3n de mi estado de salud e historia cl\u00ednica.<\/li>\n<li><strong>Cuidar<\/strong> mi salud siguiendo responsablemente las recomendaciones de tratamiento.<\/li>\n<li>Dar <strong>buen uso<\/strong> a las instalaciones y elementos para mi atencion.<\/li>\n<li>Dar un <strong>trato digno<\/strong> y respetuoso al equipo de salud y otros pacientes.<\/li>\n<li>Asumir la <strong>responsabilidad<\/strong> al no seguir las recomendaciones m\u00e9dicas.<\/li>\n<li>Conocer los servicios que cubre mi asegurador de salud y usarlos de manera racional.<\/li>\n<li>Asumir los pagos de los servicios que est\u00e1n fuera de la cobertura o que son solicitados por mi o por mi familia.<\/li>\n<\/ol>\n<p>9. Abstenerse de fumar dentro de las instalaciones de la Clinica Ocular de Occidente.<\/li>\n<\/ol>\n<p>[\/vc_column_text][\/vc_column][\/vc_row]<\/p>\n<\/div>","protected":false},"excerpt":{"rendered":"<p>[vc_row][vc_column][vc_column_text](De acuerdo al art\u00edculo 10 de la ley 1751 de febrero de 2015 implementa a los Derechos y Deberes del Paciente relacionados con la prestaci\u00f3n del servicio de salud) Tu derecho es nuestro deber, tu deber es nuestro derecho[\/vc_column_text][\/vc_column][\/vc_row][vc_row][vc_column width=\u00bb1\/2&#8243;][vc_column_text]Como paciente tengo DERECHO a: Elegir los servicios de acuerdo con mis necesidades Particulares y disponibilidad &hellip; <a href=\"https:\/\/www.clinicainstitutoocular.com.co\/site-clinica\/derechos-y-deberes-del-paciente\/\" class=\"more-link\">Continue reading <span class=\"screen-reader-text\">DERECHOS Y DEBERES DEL PACIENTE<\/span><\/a><\/p>\n","protected":false},"author":1,"featured_media":0,"parent":0,"menu_order":0,"comment_status":"closed","ping_status":"closed","template":"","meta":{"rs_blank_template":"","rs_page_bg_color":"","slide_template_v7":"","footnotes":""},"class_list":["post-5635","page","type-page","status-publish","hentry"],"_links":{"self":[{"href":"https:\/\/www.clinicainstitutoocular.com.co\/site-clinica\/wp-json\/wp\/v2\/pages\/5635","targetHints":{"allow":["GET"]}}],"collection":[{"href":"https:\/\/www.clinicainstitutoocular.com.co\/site-clinica\/wp-json\/wp\/v2\/pages"}],"about":[{"href":"https:\/\/www.clinicainstitutoocular.com.co\/site-clinica\/wp-json\/wp\/v2\/types\/page"}],"author":[{"embeddable":true,"href":"https:\/\/www.clinicainstitutoocular.com.co\/site-clinica\/wp-json\/wp\/v2\/users\/1"}],"replies":[{"embeddable":true,"href":"https:\/\/www.clinicainstitutoocular.com.co\/site-clinica\/wp-json\/wp\/v2\/comments?post=5635"}],"version-history":[{"count":2,"href":"https:\/\/www.clinicainstitutoocular.com.co\/site-clinica\/wp-json\/wp\/v2\/pages\/5635\/revisions"}],"predecessor-version":[{"id":5637,"href":"https:\/\/www.clinicainstitutoocular.com.co\/site-clinica\/wp-json\/wp\/v2\/pages\/5635\/revisions\/5637"}],"wp:attachment":[{"href":"https:\/\/www.clinicainstitutoocular.com.co\/site-clinica\/wp-json\/wp\/v2\/media?parent=5635"}],"curies":[{"name":"wp","href":"https:\/\/api.w.org\/{rel}","templated":true}]}}