{"id":5644,"date":"2022-03-18T16:50:02","date_gmt":"2022-03-18T16:50:02","guid":{"rendered":"https:\/\/www.clinicainstitutoocular.com.co\/site-clinica\/?page_id=5644"},"modified":"2022-03-18T16:50:04","modified_gmt":"2022-03-18T16:50:04","slug":"vision","status":"publish","type":"page","link":"https:\/\/www.clinicainstitutoocular.com.co\/site-clinica\/vision\/","title":{"rendered":"VISI\u00d3N"},"content":{"rendered":"\n<p>Para el a\u00f1o 2022 la Cl\u00ednica Ocular de Occidente se consolidar\u00e1 como la empresa l\u00edder en el sector de oftalmolog\u00eda en el suroccidente colombiano, reconocida por su equipo humano especializado y tecnolog\u00eda de punta en los equipos m\u00e9dicos con el prop\u00f3sito de brindar alta calidad en la prestaci\u00f3n del servicio, generar un alto margen de rentabilidad y permanecer en el mercado a trav\u00e9s del tiempo.<\/p>\n","protected":false},"excerpt":{"rendered":"<p>Para el a\u00f1o 2022 la Cl\u00ednica Ocular de Occidente se consolidar\u00e1 como la empresa l\u00edder en el sector de oftalmolog\u00eda en el suroccidente colombiano, reconocida por su equipo humano especializado y tecnolog\u00eda de punta en los equipos m\u00e9dicos con el prop\u00f3sito de brindar alta calidad en la prestaci\u00f3n del servicio, generar un alto margen de &hellip; <a href=\"https:\/\/www.clinicainstitutoocular.com.co\/site-clinica\/vision\/\" class=\"more-link\">Continue reading <span class=\"screen-reader-text\">VISI\u00d3N<\/span><\/a><\/p>\n","protected":false},"author":1,"featured_media":0,"parent":0,"menu_order":0,"comment_status":"closed","ping_status":"closed","template":"","meta":{"rs_blank_template":"","rs_page_bg_color":"","slide_template_v7":"","footnotes":""},"class_list":["post-5644","page","type-page","status-publish","hentry"],"_links":{"self":[{"href":"https:\/\/www.clinicainstitutoocular.com.co\/site-clinica\/wp-json\/wp\/v2\/pages\/5644","targetHints":{"allow":["GET"]}}],"collection":[{"href":"https:\/\/www.clinicainstitutoocular.com.co\/site-clinica\/wp-json\/wp\/v2\/pages"}],"about":[{"href":"https:\/\/www.clinicainstitutoocular.com.co\/site-clinica\/wp-json\/wp\/v2\/types\/page"}],"author":[{"embeddable":true,"href":"https:\/\/www.clinicainstitutoocular.com.co\/site-clinica\/wp-json\/wp\/v2\/users\/1"}],"replies":[{"embeddable":true,"href":"https:\/\/www.clinicainstitutoocular.com.co\/site-clinica\/wp-json\/wp\/v2\/comments?post=5644"}],"version-history":[{"count":1,"href":"https:\/\/www.clinicainstitutoocular.com.co\/site-clinica\/wp-json\/wp\/v2\/pages\/5644\/revisions"}],"predecessor-version":[{"id":5645,"href":"https:\/\/www.clinicainstitutoocular.com.co\/site-clinica\/wp-json\/wp\/v2\/pages\/5644\/revisions\/5645"}],"wp:attachment":[{"href":"https:\/\/www.clinicainstitutoocular.com.co\/site-clinica\/wp-json\/wp\/v2\/media?parent=5644"}],"curies":[{"name":"wp","href":"https:\/\/api.w.org\/{rel}","templated":true}]}}