{"id":59,"date":"2017-07-12T22:53:48","date_gmt":"2017-07-12T22:53:48","guid":{"rendered":"http:\/\/www.clinicainstitutoocular.com.co\/site-clinica\/?page_id=59"},"modified":"2022-05-07T16:36:36","modified_gmt":"2022-05-07T16:36:36","slug":"servicios-cornea","status":"publish","type":"page","link":"https:\/\/www.clinicainstitutoocular.com.co\/site-clinica\/servicios\/servicios-cornea\/","title":{"rendered":"Servicios Cornea"},"content":{"rendered":"<div class=\"wpb-content-wrapper\"><p>[vc_row][vc_column width=\u00bb1\/6&#8243;][\/vc_column][vc_column width=\u00bb2\/3&#8243;][vc_column_text]<\/p>\n<h2 id=\"u76744-2\" style=\"text-align: center;\">C\u00d3RNEA<\/h2>\n<p>[\/vc_column_text][\/vc_column][vc_column width=\u00bb1\/6&#8243;][\/vc_column][\/vc_row][vc_row][vc_column width=\u00bb1\/6&#8243;][\/vc_column][vc_column width=\u00bb2\/3&#8243;][vc_column_text]<\/p>\n<div align=\"justify\">La c\u00f3rnea es un tejido ocular que se encuentra en la parte anterior de nuestros ojos, es totalmente transparente y entre sus diversas funciones est\u00e1 la de proteger el iris y el cristalino, la c\u00f3rnea adem\u00e1s de proteger a otras estructuras oculares tiene la funci\u00f3n de enfocar junto con el cristalino las im\u00e1genes en nuestra retina.<br \/>\nPodemos considerar a la c\u00f3rnea como el primero de los lentes que conforman el sistema \u00f3ptico de nuestros ojos.<br \/>\nDebido a esta condici\u00f3n de primer lente, la c\u00f3rnea tiene una gran importancia en nuestra visi\u00f3n, una falta de transparencia o una deformidad en nuestra c\u00f3rnea provocar\u00e1 una mala imagen en la retina.<\/div>\n<p>[\/vc_column_text][\/vc_column][vc_column width=\u00bb1\/6&#8243;][\/vc_column][\/vc_row]<\/p>\n<\/div>","protected":false},"excerpt":{"rendered":"<p>[vc_row][vc_column width=\u00bb1\/6&#8243;][\/vc_column][vc_column width=\u00bb2\/3&#8243;][vc_column_text] C\u00d3RNEA [\/vc_column_text][\/vc_column][vc_column width=\u00bb1\/6&#8243;][\/vc_column][\/vc_row][vc_row][vc_column width=\u00bb1\/6&#8243;][\/vc_column][vc_column width=\u00bb2\/3&#8243;][vc_column_text] La c\u00f3rnea es un tejido ocular que se encuentra en la parte anterior de nuestros ojos, es totalmente transparente y entre sus diversas funciones est\u00e1 la de proteger el iris y el cristalino, la c\u00f3rnea adem\u00e1s de proteger a otras estructuras oculares tiene la funci\u00f3n de enfocar &hellip; <a href=\"https:\/\/www.clinicainstitutoocular.com.co\/site-clinica\/servicios\/servicios-cornea\/\" class=\"more-link\">Continue reading <span class=\"screen-reader-text\">Servicios Cornea<\/span><\/a><\/p>\n","protected":false},"author":1,"featured_media":0,"parent":44,"menu_order":0,"comment_status":"closed","ping_status":"closed","template":"","meta":{"rs_blank_template":"","rs_page_bg_color":"","slide_template_v7":"","footnotes":""},"class_list":["post-59","page","type-page","status-publish","hentry"],"_links":{"self":[{"href":"https:\/\/www.clinicainstitutoocular.com.co\/site-clinica\/wp-json\/wp\/v2\/pages\/59","targetHints":{"allow":["GET"]}}],"collection":[{"href":"https:\/\/www.clinicainstitutoocular.com.co\/site-clinica\/wp-json\/wp\/v2\/pages"}],"about":[{"href":"https:\/\/www.clinicainstitutoocular.com.co\/site-clinica\/wp-json\/wp\/v2\/types\/page"}],"author":[{"embeddable":true,"href":"https:\/\/www.clinicainstitutoocular.com.co\/site-clinica\/wp-json\/wp\/v2\/users\/1"}],"replies":[{"embeddable":true,"href":"https:\/\/www.clinicainstitutoocular.com.co\/site-clinica\/wp-json\/wp\/v2\/comments?post=59"}],"version-history":[{"count":6,"href":"https:\/\/www.clinicainstitutoocular.com.co\/site-clinica\/wp-json\/wp\/v2\/pages\/59\/revisions"}],"predecessor-version":[{"id":5699,"href":"https:\/\/www.clinicainstitutoocular.com.co\/site-clinica\/wp-json\/wp\/v2\/pages\/59\/revisions\/5699"}],"up":[{"embeddable":true,"href":"https:\/\/www.clinicainstitutoocular.com.co\/site-clinica\/wp-json\/wp\/v2\/pages\/44"}],"wp:attachment":[{"href":"https:\/\/www.clinicainstitutoocular.com.co\/site-clinica\/wp-json\/wp\/v2\/media?parent=59"}],"curies":[{"name":"wp","href":"https:\/\/api.w.org\/{rel}","templated":true}]}}