{"id":63,"date":"2017-07-12T22:55:35","date_gmt":"2017-07-12T22:55:35","guid":{"rendered":"http:\/\/www.clinicainstitutoocular.com.co\/site-clinica\/?page_id=63"},"modified":"2022-05-07T16:42:55","modified_gmt":"2022-05-07T16:42:55","slug":"servicios-evaluacion-ortoptica","status":"publish","type":"page","link":"https:\/\/www.clinicainstitutoocular.com.co\/site-clinica\/servicios\/servicios-evaluacion-ortoptica\/","title":{"rendered":"Servicios Evaluaci\u00f3n Ortoptica"},"content":{"rendered":"<div class=\"wpb-content-wrapper\"><p>[vc_row][vc_column width=\u00bb1\/6&#8243;][\/vc_column][vc_column width=\u00bb2\/3&#8243;][vc_column_text]<\/p>\n<h2 id=\"u80360-2\" style=\"text-align: center;\">EVALUACI\u00d3N ORTOPTICA<\/h2>\n<p>[\/vc_column_text][vc_video link=\u00bbhttps:\/\/www.youtube.com\/watch?v=F5mxQnG2oVU\u00bb][\/vc_column][vc_column width=\u00bb1\/6&#8243;][\/vc_column][\/vc_row][vc_row][vc_column width=\u00bb1\/6&#8243;][\/vc_column][vc_column width=\u00bb2\/3&#8243;][vc_column_text]<\/p>\n<div align=\"justify\">\n<p>La Ort\u00f3ptica es el \u00e1rea encargada de la rehabilitaci\u00f3n visual, del diagn\u00f3stico y tratamiento de las alteraciones de la visi\u00f3n binocular, debido a las anomal\u00edas en la musculatura de los ojos, a los problemas de enfoque y a la ambliop\u00eda (ojoperezoso).Esta encaminada a optimizar las distintas habilidades visuales, tales como la convergencia, la divergencia, las capacidades de estimular o relajar el sistema de enfoque o la mejora de los movimientos de los ojos e incluso la mejora de los procesos de percepci\u00f3n visual y sensorial, estabilizar y mejorar el estrabismo, en cualquier posici\u00f3n de mirada.<\/p><\/div>\n<p>&nbsp;<\/p>\n<h3 id=\"u80361-5\" class=\"SUB-TITULO-TEXTOS-1-1\">EN QU\u00c9 CONSISTE LA VALORACION:<\/h3>\n<p>&nbsp;<\/p>\n<div align=\"justify\">El examen es realizado por profesionales en Optometr\u00eda, formados en el \u00e1rea de Ort\u00f3ptica, con los conocimientos y pr\u00e1cticas necesarias para el desarrollo de la terapia visual. En la evaluaci\u00f3n inicial se mide, determina y correlaciona la cantidad y calidad de la condici\u00f3n visual, con el fin de programar las sesiones necesarias de tratamiento en el consultorio, apoyado del trabajo en casa.<\/div>\n<p>[\/vc_column_text][\/vc_column][vc_column width=\u00bb1\/6&#8243;][\/vc_column][\/vc_row]<\/p>\n<\/div>","protected":false},"excerpt":{"rendered":"<p>[vc_row][vc_column width=\u00bb1\/6&#8243;][\/vc_column][vc_column width=\u00bb2\/3&#8243;][vc_column_text] EVALUACI\u00d3N ORTOPTICA [\/vc_column_text][vc_video link=\u00bbhttps:\/\/www.youtube.com\/watch?v=F5mxQnG2oVU\u00bb][\/vc_column][vc_column width=\u00bb1\/6&#8243;][\/vc_column][\/vc_row][vc_row][vc_column width=\u00bb1\/6&#8243;][\/vc_column][vc_column width=\u00bb2\/3&#8243;][vc_column_text] La Ort\u00f3ptica es el \u00e1rea encargada de la rehabilitaci\u00f3n visual, del diagn\u00f3stico y tratamiento de las alteraciones de la visi\u00f3n binocular, debido a las anomal\u00edas en la musculatura de los ojos, a los problemas de enfoque y a la ambliop\u00eda (ojoperezoso).Esta encaminada a optimizar las &hellip; <a href=\"https:\/\/www.clinicainstitutoocular.com.co\/site-clinica\/servicios\/servicios-evaluacion-ortoptica\/\" class=\"more-link\">Continue reading <span class=\"screen-reader-text\">Servicios Evaluaci\u00f3n Ortoptica<\/span><\/a><\/p>\n","protected":false},"author":1,"featured_media":0,"parent":44,"menu_order":0,"comment_status":"closed","ping_status":"closed","template":"","meta":{"rs_blank_template":"","rs_page_bg_color":"","slide_template_v7":"","footnotes":""},"class_list":["post-63","page","type-page","status-publish","hentry"],"_links":{"self":[{"href":"https:\/\/www.clinicainstitutoocular.com.co\/site-clinica\/wp-json\/wp\/v2\/pages\/63","targetHints":{"allow":["GET"]}}],"collection":[{"href":"https:\/\/www.clinicainstitutoocular.com.co\/site-clinica\/wp-json\/wp\/v2\/pages"}],"about":[{"href":"https:\/\/www.clinicainstitutoocular.com.co\/site-clinica\/wp-json\/wp\/v2\/types\/page"}],"author":[{"embeddable":true,"href":"https:\/\/www.clinicainstitutoocular.com.co\/site-clinica\/wp-json\/wp\/v2\/users\/1"}],"replies":[{"embeddable":true,"href":"https:\/\/www.clinicainstitutoocular.com.co\/site-clinica\/wp-json\/wp\/v2\/comments?post=63"}],"version-history":[{"count":10,"href":"https:\/\/www.clinicainstitutoocular.com.co\/site-clinica\/wp-json\/wp\/v2\/pages\/63\/revisions"}],"predecessor-version":[{"id":5702,"href":"https:\/\/www.clinicainstitutoocular.com.co\/site-clinica\/wp-json\/wp\/v2\/pages\/63\/revisions\/5702"}],"up":[{"embeddable":true,"href":"https:\/\/www.clinicainstitutoocular.com.co\/site-clinica\/wp-json\/wp\/v2\/pages\/44"}],"wp:attachment":[{"href":"https:\/\/www.clinicainstitutoocular.com.co\/site-clinica\/wp-json\/wp\/v2\/media?parent=63"}],"curies":[{"name":"wp","href":"https:\/\/api.w.org\/{rel}","templated":true}]}}