{"id":65,"date":"2017-07-12T22:56:26","date_gmt":"2017-07-12T22:56:26","guid":{"rendered":"http:\/\/www.clinicainstitutoocular.com.co\/site-clinica\/?page_id=65"},"modified":"2022-05-07T16:37:15","modified_gmt":"2022-05-07T16:37:15","slug":"servicios-glaucoma","status":"publish","type":"page","link":"https:\/\/www.clinicainstitutoocular.com.co\/site-clinica\/servicios\/servicios-glaucoma\/","title":{"rendered":"Servicios Glaucoma"},"content":{"rendered":"<div class=\"wpb-content-wrapper\"><p>[vc_row][vc_column width=\u00bb1\/6&#8243;][\/vc_column][vc_column width=\u00bb2\/3&#8243;][vc_column_text]<\/p>\n<h2 id=\"u83408-2\" style=\"text-align: center;\">GLAUCOMA<\/h2>\n<p>[\/vc_column_text][vc_video link=\u00bbhttps:\/\/www.youtube.com\/watch?v=ge6gXF1-quc\u00bb][\/vc_column][vc_column width=\u00bb1\/6&#8243;][\/vc_column][\/vc_row][vc_row][vc_column width=\u00bb1\/6&#8243;][\/vc_column][vc_column width=\u00bb2\/3&#8243;][vc_column_text]<\/p>\n<div align=\"justify\">Dependiendo del tipo de glaucoma, se aplican distintos tratamientos. El glaucoma primario de \u00e1ngulo abierto (el 90 por ciento de los casos) suele aparecer entre los mayores de 55 a\u00f1os, los diab\u00e9ticos o los miopes. El tratamiento del glaucoma primario puede controlarse con medicaci\u00f3n t\u00f3pica o bien con cirug\u00eda de l\u00e1ser o una implantaci\u00f3n valvular, que facilite el drenaje. El glaucoma de \u00e1ngulo cerrado (agudo) es menos frecuente y puede manifestarse con dolor ocular, cefaleas, visi\u00f3n borrosa, n\u00e1useas y v\u00f3mitos. El tratamiento definitivo consiste en la utilizaci\u00f3n de l\u00e1ser, aunque si es cr\u00f3nico tambi\u00e9n requerir\u00e1 la administraci\u00f3n de f\u00e1rmacos t\u00f3picos.<br \/>\nLos f\u00e1rmacos m\u00e1s habituales en los tratamientos de glaucoma son los derivados de las prostaglandinas, los betabloqueantes, los simpaticomim\u00e9ticos, los inhibidores de la anhidrasa carb\u00f3nica, los parasimpaticomim\u00e9ticos y los hiperosm\u00f3ticos. Generalmente, los colirios suelen contener algunos de estos f\u00e1rmacos combinados.<\/div>\n<p>[\/vc_column_text][\/vc_column][vc_column width=\u00bb1\/6&#8243;][\/vc_column][\/vc_row]<\/p>\n<\/div>","protected":false},"excerpt":{"rendered":"<p>[vc_row][vc_column width=\u00bb1\/6&#8243;][\/vc_column][vc_column width=\u00bb2\/3&#8243;][vc_column_text] GLAUCOMA [\/vc_column_text][vc_video link=\u00bbhttps:\/\/www.youtube.com\/watch?v=ge6gXF1-quc\u00bb][\/vc_column][vc_column width=\u00bb1\/6&#8243;][\/vc_column][\/vc_row][vc_row][vc_column width=\u00bb1\/6&#8243;][\/vc_column][vc_column width=\u00bb2\/3&#8243;][vc_column_text] Dependiendo del tipo de glaucoma, se aplican distintos tratamientos. El glaucoma primario de \u00e1ngulo abierto (el 90 por ciento de los casos) suele aparecer entre los mayores de 55 a\u00f1os, los diab\u00e9ticos o los miopes. El tratamiento del glaucoma primario puede controlarse con medicaci\u00f3n t\u00f3pica o &hellip; <a href=\"https:\/\/www.clinicainstitutoocular.com.co\/site-clinica\/servicios\/servicios-glaucoma\/\" class=\"more-link\">Continue reading <span class=\"screen-reader-text\">Servicios Glaucoma<\/span><\/a><\/p>\n","protected":false},"author":1,"featured_media":0,"parent":44,"menu_order":0,"comment_status":"closed","ping_status":"closed","template":"","meta":{"rs_blank_template":"","rs_page_bg_color":"","slide_template_v7":"","footnotes":""},"class_list":["post-65","page","type-page","status-publish","hentry"],"_links":{"self":[{"href":"https:\/\/www.clinicainstitutoocular.com.co\/site-clinica\/wp-json\/wp\/v2\/pages\/65","targetHints":{"allow":["GET"]}}],"collection":[{"href":"https:\/\/www.clinicainstitutoocular.com.co\/site-clinica\/wp-json\/wp\/v2\/pages"}],"about":[{"href":"https:\/\/www.clinicainstitutoocular.com.co\/site-clinica\/wp-json\/wp\/v2\/types\/page"}],"author":[{"embeddable":true,"href":"https:\/\/www.clinicainstitutoocular.com.co\/site-clinica\/wp-json\/wp\/v2\/users\/1"}],"replies":[{"embeddable":true,"href":"https:\/\/www.clinicainstitutoocular.com.co\/site-clinica\/wp-json\/wp\/v2\/comments?post=65"}],"version-history":[{"count":6,"href":"https:\/\/www.clinicainstitutoocular.com.co\/site-clinica\/wp-json\/wp\/v2\/pages\/65\/revisions"}],"predecessor-version":[{"id":5700,"href":"https:\/\/www.clinicainstitutoocular.com.co\/site-clinica\/wp-json\/wp\/v2\/pages\/65\/revisions\/5700"}],"up":[{"embeddable":true,"href":"https:\/\/www.clinicainstitutoocular.com.co\/site-clinica\/wp-json\/wp\/v2\/pages\/44"}],"wp:attachment":[{"href":"https:\/\/www.clinicainstitutoocular.com.co\/site-clinica\/wp-json\/wp\/v2\/media?parent=65"}],"curies":[{"name":"wp","href":"https:\/\/api.w.org\/{rel}","templated":true}]}}