{"id":67,"date":"2017-07-12T22:57:06","date_gmt":"2017-07-12T22:57:06","guid":{"rendered":"http:\/\/www.clinicainstitutoocular.com.co\/site-clinica\/?page_id=67"},"modified":"2022-05-07T16:59:40","modified_gmt":"2022-05-07T16:59:40","slug":"servicios-iridotomia","status":"publish","type":"page","link":"https:\/\/www.clinicainstitutoocular.com.co\/site-clinica\/servicios\/servicios-iridotomia\/","title":{"rendered":"Servicios Iridotomia"},"content":{"rendered":"<div class=\"wpb-content-wrapper\"><p>[vc_row][vc_column width=\u00bb1\/6&#8243;][\/vc_column][vc_column width=\u00bb2\/3&#8243;][vc_column_text]<\/p>\n<h2 id=\"u57868-2\" style=\"text-align: center;\">IRIDOTOMIA<\/h2>\n<p>[\/vc_column_text][vc_video link=\u00bbhttps:\/\/www.youtube.com\/watch?v=nwLEMqsMKpA\u00bb][\/vc_column][vc_column width=\u00bb1\/6&#8243;][\/vc_column][\/vc_row][vc_row][vc_column width=\u00bb1\/6&#8243;][\/vc_column][vc_column width=\u00bb2\/3&#8243;][vc_column_text]<\/p>\n<div align=\"justify\">La iridotom\u00eda es un proceso quir\u00fargico en el iris del ojo (la parte coloreada con la pupila en el centro) que se realiza con l\u00e1ser. Se utiliza principalmente como tratamiento del glaucoma de \u00e1ngulo cerrado, del melanoma del iris y en algunos casos de glaucoma pigmentario. Es un procedimiento muy r\u00e1pido, no requiere anestesia y se considera muy seguro y efectivo, motivos por los que ha sustituido casi totalmente a la iridectom\u00eda tradicional que requer\u00eda la apertura del globo ocular y la extirpaci\u00f3n parcial del iris manualmente.<\/div>\n<p>[\/vc_column_text][\/vc_column][vc_column width=\u00bb1\/6&#8243;][\/vc_column][\/vc_row]<\/p>\n<\/div>","protected":false},"excerpt":{"rendered":"<p>[vc_row][vc_column width=\u00bb1\/6&#8243;][\/vc_column][vc_column width=\u00bb2\/3&#8243;][vc_column_text] IRIDOTOMIA [\/vc_column_text][vc_video link=\u00bbhttps:\/\/www.youtube.com\/watch?v=nwLEMqsMKpA\u00bb][\/vc_column][vc_column width=\u00bb1\/6&#8243;][\/vc_column][\/vc_row][vc_row][vc_column width=\u00bb1\/6&#8243;][\/vc_column][vc_column width=\u00bb2\/3&#8243;][vc_column_text] La iridotom\u00eda es un proceso quir\u00fargico en el iris del ojo (la parte coloreada con la pupila en el centro) que se realiza con l\u00e1ser. Se utiliza principalmente como tratamiento del glaucoma de \u00e1ngulo cerrado, del melanoma del iris y en algunos casos de glaucoma pigmentario. &hellip; <a href=\"https:\/\/www.clinicainstitutoocular.com.co\/site-clinica\/servicios\/servicios-iridotomia\/\" class=\"more-link\">Continue reading <span class=\"screen-reader-text\">Servicios Iridotomia<\/span><\/a><\/p>\n","protected":false},"author":1,"featured_media":0,"parent":44,"menu_order":0,"comment_status":"closed","ping_status":"closed","template":"","meta":{"rs_blank_template":"","rs_page_bg_color":"","slide_template_v7":"","footnotes":""},"class_list":["post-67","page","type-page","status-publish","hentry"],"_links":{"self":[{"href":"https:\/\/www.clinicainstitutoocular.com.co\/site-clinica\/wp-json\/wp\/v2\/pages\/67","targetHints":{"allow":["GET"]}}],"collection":[{"href":"https:\/\/www.clinicainstitutoocular.com.co\/site-clinica\/wp-json\/wp\/v2\/pages"}],"about":[{"href":"https:\/\/www.clinicainstitutoocular.com.co\/site-clinica\/wp-json\/wp\/v2\/types\/page"}],"author":[{"embeddable":true,"href":"https:\/\/www.clinicainstitutoocular.com.co\/site-clinica\/wp-json\/wp\/v2\/users\/1"}],"replies":[{"embeddable":true,"href":"https:\/\/www.clinicainstitutoocular.com.co\/site-clinica\/wp-json\/wp\/v2\/comments?post=67"}],"version-history":[{"count":6,"href":"https:\/\/www.clinicainstitutoocular.com.co\/site-clinica\/wp-json\/wp\/v2\/pages\/67\/revisions"}],"predecessor-version":[{"id":5716,"href":"https:\/\/www.clinicainstitutoocular.com.co\/site-clinica\/wp-json\/wp\/v2\/pages\/67\/revisions\/5716"}],"up":[{"embeddable":true,"href":"https:\/\/www.clinicainstitutoocular.com.co\/site-clinica\/wp-json\/wp\/v2\/pages\/44"}],"wp:attachment":[{"href":"https:\/\/www.clinicainstitutoocular.com.co\/site-clinica\/wp-json\/wp\/v2\/media?parent=67"}],"curies":[{"name":"wp","href":"https:\/\/api.w.org\/{rel}","templated":true}]}}