{"id":77,"date":"2017-07-12T23:00:43","date_gmt":"2017-07-12T23:00:43","guid":{"rendered":"http:\/\/www.clinicainstitutoocular.com.co\/site-clinica\/?page_id=77"},"modified":"2022-05-07T17:00:27","modified_gmt":"2022-05-07T17:00:27","slug":"servicios-optometria","status":"publish","type":"page","link":"https:\/\/www.clinicainstitutoocular.com.co\/site-clinica\/servicios\/servicios-optometria\/","title":{"rendered":"Servicios Optometria"},"content":{"rendered":"<div class=\"wpb-content-wrapper\"><p>[vc_row][vc_column width=\u00bb1\/6&#8243;][\/vc_column][vc_column width=\u00bb2\/3&#8243;][vc_column_text]<\/p>\n<h2 id=\"u91943-2\" style=\"text-align: center;\">OPTOMETR\u00cdA<\/h2>\n<p>[\/vc_column_text][\/vc_column][vc_column width=\u00bb1\/6&#8243;][\/vc_column][\/vc_row][vc_row][vc_column width=\u00bb1\/6&#8243;][\/vc_column][vc_column width=\u00bb2\/3&#8243;][vc_column_text]<\/p>\n<div align=\"justify\">La optometr\u00eda es la ciencia que estudia el sistema visual, sus alteraciones no patol\u00f3gicas y los tratamientos \u00f3ptico y optometricos as\u00ed como las normas de salud e higiene visual.<br \/>\nEl sentido de la visi\u00f3n es muy complejo y ocupa un alto porcentaje de la corteza visual.<br \/>\nVer bien es algo mas que poder reconocer ciertos caracteres a una distancia. La visi\u00f3n implica reconocer e identificar objetos y s\u00edmbolos, adjudicarles un valor ,un sentido y un uso, codificar, decodificar y procesar informaciones visuales, almacenar y recuperar patrones de visi\u00f3n etc.<br \/>\nPara poder llevar acabo todas estas funciones el sistema visual consta de \u00f3rganos y funciones que deben trabajar de forma coordinada.<br \/>\nas\u00ed los ojos deben estar perfectamente ajustados para obtener y enviar im\u00e1genes n\u00edtida a la corteza, Cuando esto no sucede se dice que existe un problema de refracci\u00f3n.<\/div>\n<div align=\"justify\"><\/div>\n<div align=\"justify\"><\/div>\n<div align=\"justify\">\n<h3 id=\"u91944-13\" class=\"SUB-TITULO-TEXTOS-1-1\">DEFECTOS RETRACTIVOS MAS COMUNES SON:<\/h3>\n<ul id=\"u91944-22\" class=\"list0 nls-None\">\n<li id=\"u91944-15\" class=\"TEXTO-1-1\">Miop\u00eda<\/li>\n<li id=\"u91944-17\" class=\"TEXTO-1-1\">Hipermetrop\u00eda<\/li>\n<li id=\"u91944-19\" class=\"TEXTO-1-1\">Astigmatismo<\/li>\n<li id=\"u91944-21\" class=\"TEXTO-1-1\">Presbicia<\/li>\n<\/ul>\n<\/div>\n<div align=\"justify\"><\/div>\n<div align=\"justify\"><\/div>\n<div align=\"justify\">El opt\u00f3metra eval\u00faa al paciente y de acuerdo a su problema visual, edad y otras condiciones especiales, recomienda la correcci\u00f3n requerida: gafas, lentes de contacto o cirug\u00eda refractiva.La adaptaci\u00f3n de lentes de contacto debe ser realizada por profesionales especializados ya que \u00e9sta se realiza dependiendo del tipo de problema visual de cada paciente al que se le recomiendan los diferentes tipos de lentes de contacto existentes: blandos, r\u00edgidos, gas permeables, bifocales y trifocales.<br \/>\nAl paciente se le realizan pruebas de adaptaci\u00f3n, tolerancia y manejo de lentes para evitar complicaciones que se pueden presentar por mal uso de ellos.<\/div>\n<p>[\/vc_column_text][\/vc_column][vc_column width=\u00bb1\/6&#8243;][\/vc_column][\/vc_row]<\/p>\n<\/div>","protected":false},"excerpt":{"rendered":"<p>[vc_row][vc_column width=\u00bb1\/6&#8243;][\/vc_column][vc_column width=\u00bb2\/3&#8243;][vc_column_text] OPTOMETR\u00cdA [\/vc_column_text][\/vc_column][vc_column width=\u00bb1\/6&#8243;][\/vc_column][\/vc_row][vc_row][vc_column width=\u00bb1\/6&#8243;][\/vc_column][vc_column width=\u00bb2\/3&#8243;][vc_column_text] La optometr\u00eda es la ciencia que estudia el sistema visual, sus alteraciones no patol\u00f3gicas y los tratamientos \u00f3ptico y optometricos as\u00ed como las normas de salud e higiene visual. El sentido de la visi\u00f3n es muy complejo y ocupa un alto porcentaje de la corteza visual. Ver &hellip; <a href=\"https:\/\/www.clinicainstitutoocular.com.co\/site-clinica\/servicios\/servicios-optometria\/\" class=\"more-link\">Continue reading <span class=\"screen-reader-text\">Servicios Optometria<\/span><\/a><\/p>\n","protected":false},"author":1,"featured_media":0,"parent":44,"menu_order":0,"comment_status":"closed","ping_status":"closed","template":"","meta":{"rs_blank_template":"","rs_page_bg_color":"","slide_template_v7":"","footnotes":""},"class_list":["post-77","page","type-page","status-publish","hentry"],"_links":{"self":[{"href":"https:\/\/www.clinicainstitutoocular.com.co\/site-clinica\/wp-json\/wp\/v2\/pages\/77","targetHints":{"allow":["GET"]}}],"collection":[{"href":"https:\/\/www.clinicainstitutoocular.com.co\/site-clinica\/wp-json\/wp\/v2\/pages"}],"about":[{"href":"https:\/\/www.clinicainstitutoocular.com.co\/site-clinica\/wp-json\/wp\/v2\/types\/page"}],"author":[{"embeddable":true,"href":"https:\/\/www.clinicainstitutoocular.com.co\/site-clinica\/wp-json\/wp\/v2\/users\/1"}],"replies":[{"embeddable":true,"href":"https:\/\/www.clinicainstitutoocular.com.co\/site-clinica\/wp-json\/wp\/v2\/comments?post=77"}],"version-history":[{"count":9,"href":"https:\/\/www.clinicainstitutoocular.com.co\/site-clinica\/wp-json\/wp\/v2\/pages\/77\/revisions"}],"predecessor-version":[{"id":5717,"href":"https:\/\/www.clinicainstitutoocular.com.co\/site-clinica\/wp-json\/wp\/v2\/pages\/77\/revisions\/5717"}],"up":[{"embeddable":true,"href":"https:\/\/www.clinicainstitutoocular.com.co\/site-clinica\/wp-json\/wp\/v2\/pages\/44"}],"wp:attachment":[{"href":"https:\/\/www.clinicainstitutoocular.com.co\/site-clinica\/wp-json\/wp\/v2\/media?parent=77"}],"curies":[{"name":"wp","href":"https:\/\/api.w.org\/{rel}","templated":true}]}}