{"id":95,"date":"2017-07-12T23:07:10","date_gmt":"2017-07-12T23:07:10","guid":{"rendered":"http:\/\/www.clinicainstitutoocular.com.co\/site-clinica\/?page_id=95"},"modified":"2017-10-04T14:59:00","modified_gmt":"2017-10-04T14:59:00","slug":"optica","status":"publish","type":"page","link":"https:\/\/www.clinicainstitutoocular.com.co\/site-clinica\/optica\/","title":{"rendered":"Optica"},"content":{"rendered":"<div class=\"wpb-content-wrapper\"><p>[vc_row][vc_column width=\u00bb1\/6&#8243;][\/vc_column][vc_column width=\u00bb2\/3&#8243;][vc_column_text]<\/p>\n<div align=\"justify\">Si su visi\u00f3n es tan s\u00f3lo un poco borrosa, un cambio en la prescripci\u00f3n de sus anteojos puede ser todo lo que necesita por alg\u00fan periodo de tiempo. No obstante, si despu\u00e9s de cambiar la graduaci\u00f3n de sus anteojos todav\u00eda no ve lo suficiente como para realizar las actividades que le gustan o necesita hacer, debe considerar una cirug\u00eda de cataratas.<br \/>\nPor medio de la cirug\u00eda de cataratas, el lente nublado se remueve y es reemplazado con un lente artificial transparente, llamado lente intraocular (LIO). Su oftalm\u00f3logo discutir\u00e1 con usted el procedimiento quir\u00fargico de cataratas, los procesos de preparaci\u00f3n y recuperaci\u00f3n despu\u00e9s de la cirug\u00eda, sus beneficios y posibles complicaciones, al igual que sus costos y otras informaciones importantes.La cirug\u00eda de cataratas a menudo se realiza como un procedimiento ambulatorio y no requiere hospitalizaci\u00f3n.<\/div>\n<p>[\/vc_column_text][\/vc_column][vc_column width=\u00bb1\/6&#8243;][\/vc_column][\/vc_row][vc_row full_width_row=\u00bbtrue\u00bb][vc_column][layerslider_vc id=\u00bb31&#8243;][\/vc_column][\/vc_row][vc_row][vc_column][vc_row_inner][vc_column_inner width=\u00bb1\/2&#8243;][vc_single_image image=\u00bb465&#8243; img_size=\u00bblarge\u00bb alignment=\u00bbright\u00bb onclick=\u00bblink_image\u00bb][\/vc_column_inner][vc_column_inner width=\u00bb1\/2&#8243;][vc_single_image image=\u00bb466&#8243; img_size=\u00bblarge\u00bb onclick=\u00bblink_image\u00bb][\/vc_column_inner][\/vc_row_inner][vc_row_inner][vc_column_inner][vc_single_image image=\u00bb469&#8243; img_size=\u00bblarge\u00bb alignment=\u00bbcenter\u00bb onclick=\u00bblink_image\u00bb][\/vc_column_inner][\/vc_row_inner][vc_row_inner][vc_column_inner width=\u00bb1\/2&#8243;][vc_single_image image=\u00bb471&#8243; img_size=\u00bblarge\u00bb alignment=\u00bbright\u00bb onclick=\u00bblink_image\u00bb][\/vc_column_inner][vc_column_inner width=\u00bb1\/2&#8243;][vc_single_image image=\u00bb472&#8243; img_size=\u00bblarge\u00bb alignment=\u00bbright\u00bb onclick=\u00bblink_image\u00bb][\/vc_column_inner][\/vc_row_inner][\/vc_column][\/vc_row][vc_row full_width_row=\u00bbtrue\u00bb][vc_column][layerslider_vc id=\u00bb32&#8243;][\/vc_column][\/vc_row][vc_row][vc_column width=\u00bb1\/3&#8243;][vc_column_text]<\/p>\n<h3 style=\"text-align: center;\"><img loading=\"lazy\" decoding=\"async\" class=\"alignnone size-full wp-image-477\" src=\"http:\/\/www.clinicainstitutoocular.com.co\/site-clinica\/wp-content\/uploads\/2017\/07\/clinica_ocular_de_occidente_cali_oftalmologia_gafas_citas_optica-07.png\" alt=\"\" width=\"202\" height=\"202\" srcset=\"https:\/\/www.clinicainstitutoocular.com.co\/site-clinica\/wp-content\/uploads\/2017\/07\/clinica_ocular_de_occidente_cali_oftalmologia_gafas_citas_optica-07.png 202w, https:\/\/www.clinicainstitutoocular.com.co\/site-clinica\/wp-content\/uploads\/2017\/07\/clinica_ocular_de_occidente_cali_oftalmologia_gafas_citas_optica-07-150x150.png 150w\" sizes=\"auto, (max-width: 202px) 100vw, 202px\" \/><br \/>\nLENTES DE CONTACTO<\/h3>\n<p>[\/vc_column_text][\/vc_column][vc_column width=\u00bb1\/3&#8243;][vc_column_text]<\/p>\n<h3 style=\"text-align: center;\"><img loading=\"lazy\" decoding=\"async\" class=\"alignnone size-full wp-image-478\" src=\"http:\/\/www.clinicainstitutoocular.com.co\/site-clinica\/wp-content\/uploads\/2017\/07\/clinica_ocular_de_occidente_cali_oftalmologia_gafas_citas_optica-08.png\" alt=\"\" width=\"202\" height=\"202\" srcset=\"https:\/\/www.clinicainstitutoocular.com.co\/site-clinica\/wp-content\/uploads\/2017\/07\/clinica_ocular_de_occidente_cali_oftalmologia_gafas_citas_optica-08.png 202w, https:\/\/www.clinicainstitutoocular.com.co\/site-clinica\/wp-content\/uploads\/2017\/07\/clinica_ocular_de_occidente_cali_oftalmologia_gafas_citas_optica-08-150x150.png 150w\" sizes=\"auto, (max-width: 202px) 100vw, 202px\" \/><br \/>\nLENTES GRADUADOS<\/h3>\n<p>[\/vc_column_text][\/vc_column][vc_column width=\u00bb1\/3&#8243;][vc_column_text]<\/p>\n<h3 style=\"text-align: center;\"><img loading=\"lazy\" decoding=\"async\" class=\"alignnone size-full wp-image-479\" src=\"http:\/\/www.clinicainstitutoocular.com.co\/site-clinica\/wp-content\/uploads\/2017\/07\/clinica_ocular_de_occidente_cali_oftalmologia_gafas_citas_optica-03.png\" alt=\"\" width=\"202\" height=\"202\" srcset=\"https:\/\/www.clinicainstitutoocular.com.co\/site-clinica\/wp-content\/uploads\/2017\/07\/clinica_ocular_de_occidente_cali_oftalmologia_gafas_citas_optica-03.png 202w, https:\/\/www.clinicainstitutoocular.com.co\/site-clinica\/wp-content\/uploads\/2017\/07\/clinica_ocular_de_occidente_cali_oftalmologia_gafas_citas_optica-03-150x150.png 150w\" sizes=\"auto, (max-width: 202px) 100vw, 202px\" \/><br \/>\nLENTES TRANSITION<\/h3>\n<p>[\/vc_column_text][\/vc_column][\/vc_row][vc_row][vc_column width=\u00bb1\/3&#8243;][vc_column_text]<\/p>\n<h3 style=\"text-align: center;\"><img loading=\"lazy\" decoding=\"async\" class=\"alignnone size-full wp-image-481\" src=\"http:\/\/www.clinicainstitutoocular.com.co\/site-clinica\/wp-content\/uploads\/2017\/07\/clinica_ocular_de_occidente_cali_oftalmologia_gafas_citas_optica-06.png\" alt=\"\" width=\"202\" height=\"202\" srcset=\"https:\/\/www.clinicainstitutoocular.com.co\/site-clinica\/wp-content\/uploads\/2017\/07\/clinica_ocular_de_occidente_cali_oftalmologia_gafas_citas_optica-06.png 202w, https:\/\/www.clinicainstitutoocular.com.co\/site-clinica\/wp-content\/uploads\/2017\/07\/clinica_ocular_de_occidente_cali_oftalmologia_gafas_citas_optica-06-150x150.png 150w\" sizes=\"auto, (max-width: 202px) 100vw, 202px\" \/><br \/>\nLENTES BIFOCALES<\/h3>\n<p>[\/vc_column_text][\/vc_column][vc_column width=\u00bb1\/3&#8243;][vc_column_text]<\/p>\n<h3 style=\"text-align: center;\"><img loading=\"lazy\" decoding=\"async\" class=\"alignnone size-full wp-image-482\" src=\"http:\/\/www.clinicainstitutoocular.com.co\/site-clinica\/wp-content\/uploads\/2017\/07\/clinica_ocular_de_occidente_cali_oftalmologia_gafas_citas_optica-09.png\" alt=\"\" width=\"202\" height=\"202\" srcset=\"https:\/\/www.clinicainstitutoocular.com.co\/site-clinica\/wp-content\/uploads\/2017\/07\/clinica_ocular_de_occidente_cali_oftalmologia_gafas_citas_optica-09.png 202w, https:\/\/www.clinicainstitutoocular.com.co\/site-clinica\/wp-content\/uploads\/2017\/07\/clinica_ocular_de_occidente_cali_oftalmologia_gafas_citas_optica-09-150x150.png 150w\" sizes=\"auto, (max-width: 202px) 100vw, 202px\" \/><br \/>\nLENTES DE SOL<\/h3>\n<p>[\/vc_column_text][\/vc_column][vc_column width=\u00bb1\/3&#8243;][vc_column_text]<\/p>\n<h3 style=\"text-align: center;\"><img loading=\"lazy\" decoding=\"async\" class=\"alignnone size-full wp-image-483\" src=\"http:\/\/www.clinicainstitutoocular.com.co\/site-clinica\/wp-content\/uploads\/2017\/07\/clinica_ocular_de_occidente_cali_oftalmologia_gafas_citas_optica-02.png\" alt=\"\" width=\"202\" height=\"202\" srcset=\"https:\/\/www.clinicainstitutoocular.com.co\/site-clinica\/wp-content\/uploads\/2017\/07\/clinica_ocular_de_occidente_cali_oftalmologia_gafas_citas_optica-02.png 202w, https:\/\/www.clinicainstitutoocular.com.co\/site-clinica\/wp-content\/uploads\/2017\/07\/clinica_ocular_de_occidente_cali_oftalmologia_gafas_citas_optica-02-150x150.png 150w\" sizes=\"auto, (max-width: 202px) 100vw, 202px\" \/><br \/>\nLENTES DE ALTO INDICE<\/h3>\n<p>[\/vc_column_text][\/vc_column][\/vc_row][vc_row][vc_column width=\u00bb1\/3&#8243;][vc_column_text]<\/p>\n<h3 style=\"text-align: center;\"><img loading=\"lazy\" decoding=\"async\" class=\"alignnone size-full wp-image-485\" src=\"http:\/\/www.clinicainstitutoocular.com.co\/site-clinica\/wp-content\/uploads\/2017\/07\/clinica_ocular_de_occidente_cali_oftalmologia_gafas_citas_optica-05.png\" alt=\"\" width=\"202\" height=\"202\" srcset=\"https:\/\/www.clinicainstitutoocular.com.co\/site-clinica\/wp-content\/uploads\/2017\/07\/clinica_ocular_de_occidente_cali_oftalmologia_gafas_citas_optica-05.png 202w, https:\/\/www.clinicainstitutoocular.com.co\/site-clinica\/wp-content\/uploads\/2017\/07\/clinica_ocular_de_occidente_cali_oftalmologia_gafas_citas_optica-05-150x150.png 150w\" sizes=\"auto, (max-width: 202px) 100vw, 202px\" \/><br \/>\nLENTES FUTUREX<\/h3>\n<p>[\/vc_column_text][\/vc_column][vc_column width=\u00bb1\/3&#8243;][vc_column_text]<\/p>\n<h3 style=\"text-align: center;\"><img loading=\"lazy\" decoding=\"async\" class=\"alignnone size-full wp-image-486\" src=\"http:\/\/www.clinicainstitutoocular.com.co\/site-clinica\/wp-content\/uploads\/2017\/07\/clinica_ocular_de_occidente_cali_oftalmologia_gafas_citas_optica-11.png\" alt=\"\" width=\"202\" height=\"202\" srcset=\"https:\/\/www.clinicainstitutoocular.com.co\/site-clinica\/wp-content\/uploads\/2017\/07\/clinica_ocular_de_occidente_cali_oftalmologia_gafas_citas_optica-11.png 202w, https:\/\/www.clinicainstitutoocular.com.co\/site-clinica\/wp-content\/uploads\/2017\/07\/clinica_ocular_de_occidente_cali_oftalmologia_gafas_citas_optica-11-150x150.png 150w\" sizes=\"auto, (max-width: 202px) 100vw, 202px\" \/><br \/>\nLENTES DE VISI\u00d3N SENCILLA<\/h3>\n<p>[\/vc_column_text][\/vc_column][vc_column width=\u00bb1\/3&#8243;][vc_column_text]<\/p>\n<h3 style=\"text-align: center;\"><img loading=\"lazy\" decoding=\"async\" class=\"alignnone size-full wp-image-487 aligncenter\" src=\"http:\/\/www.clinicainstitutoocular.com.co\/site-clinica\/wp-content\/uploads\/2017\/07\/clinica_ocular_de_occidente_cali_oftalmologia_gafas_citas_optica-01.png\" alt=\"\" width=\"202\" height=\"202\" srcset=\"https:\/\/www.clinicainstitutoocular.com.co\/site-clinica\/wp-content\/uploads\/2017\/07\/clinica_ocular_de_occidente_cali_oftalmologia_gafas_citas_optica-01.png 202w, https:\/\/www.clinicainstitutoocular.com.co\/site-clinica\/wp-content\/uploads\/2017\/07\/clinica_ocular_de_occidente_cali_oftalmologia_gafas_citas_optica-01-150x150.png 150w\" sizes=\"auto, (max-width: 202px) 100vw, 202px\" \/><br \/>\nLENTES TRIVEX<\/h3>\n<p>[\/vc_column_text][\/vc_column][\/vc_row][vc_row][vc_column width=\u00bb1\/3&#8243;][\/vc_column][vc_column width=\u00bb1\/3&#8243;][vc_column_text]<\/p>\n<h3 style=\"text-align: center;\"><img loading=\"lazy\" decoding=\"async\" class=\"alignnone size-full wp-image-488\" src=\"http:\/\/www.clinicainstitutoocular.com.co\/site-clinica\/wp-content\/uploads\/2017\/07\/clinica_ocular_de_occidente_cali_oftalmologia_gafas_citas_optica-10.png\" alt=\"\" width=\"202\" height=\"202\" srcset=\"https:\/\/www.clinicainstitutoocular.com.co\/site-clinica\/wp-content\/uploads\/2017\/07\/clinica_ocular_de_occidente_cali_oftalmologia_gafas_citas_optica-10.png 202w, https:\/\/www.clinicainstitutoocular.com.co\/site-clinica\/wp-content\/uploads\/2017\/07\/clinica_ocular_de_occidente_cali_oftalmologia_gafas_citas_optica-10-150x150.png 150w\" sizes=\"auto, (max-width: 202px) 100vw, 202px\" \/><\/h3>\n<h3 style=\"text-align: center;\">LENTES EN POLICARBONATO<\/h3>\n<p>[\/vc_column_text][\/vc_column][vc_column width=\u00bb1\/3&#8243;][\/vc_column][\/vc_row]<\/p>\n<\/div>","protected":false},"excerpt":{"rendered":"<p>[vc_row][vc_column width=\u00bb1\/6&#8243;][\/vc_column][vc_column width=\u00bb2\/3&#8243;][vc_column_text] Si su visi\u00f3n es tan s\u00f3lo un poco borrosa, un cambio en la prescripci\u00f3n de sus anteojos puede ser todo lo que necesita por alg\u00fan periodo de tiempo. No obstante, si despu\u00e9s de cambiar la graduaci\u00f3n de sus anteojos todav\u00eda no ve lo suficiente como para realizar las actividades que le gustan &hellip; <a href=\"https:\/\/www.clinicainstitutoocular.com.co\/site-clinica\/optica\/\" class=\"more-link\">Continue reading <span class=\"screen-reader-text\">Optica<\/span><\/a><\/p>\n","protected":false},"author":1,"featured_media":0,"parent":0,"menu_order":0,"comment_status":"closed","ping_status":"closed","template":"","meta":{"rs_blank_template":"","rs_page_bg_color":"","slide_template_v7":"","footnotes":""},"class_list":["post-95","page","type-page","status-publish","hentry"],"_links":{"self":[{"href":"https:\/\/www.clinicainstitutoocular.com.co\/site-clinica\/wp-json\/wp\/v2\/pages\/95","targetHints":{"allow":["GET"]}}],"collection":[{"href":"https:\/\/www.clinicainstitutoocular.com.co\/site-clinica\/wp-json\/wp\/v2\/pages"}],"about":[{"href":"https:\/\/www.clinicainstitutoocular.com.co\/site-clinica\/wp-json\/wp\/v2\/types\/page"}],"author":[{"embeddable":true,"href":"https:\/\/www.clinicainstitutoocular.com.co\/site-clinica\/wp-json\/wp\/v2\/users\/1"}],"replies":[{"embeddable":true,"href":"https:\/\/www.clinicainstitutoocular.com.co\/site-clinica\/wp-json\/wp\/v2\/comments?post=95"}],"version-history":[{"count":16,"href":"https:\/\/www.clinicainstitutoocular.com.co\/site-clinica\/wp-json\/wp\/v2\/pages\/95\/revisions"}],"predecessor-version":[{"id":489,"href":"https:\/\/www.clinicainstitutoocular.com.co\/site-clinica\/wp-json\/wp\/v2\/pages\/95\/revisions\/489"}],"wp:attachment":[{"href":"https:\/\/www.clinicainstitutoocular.com.co\/site-clinica\/wp-json\/wp\/v2\/media?parent=95"}],"curies":[{"name":"wp","href":"https:\/\/api.w.org\/{rel}","templated":true}]}}